{"id":4552,"date":"2024-04-09T11:05:35","date_gmt":"2024-04-09T11:05:35","guid":{"rendered":"https:\/\/topmatic.biz\/product\/samourezujuca-spojka-8-3\/"},"modified":"2025-02-24T22:15:20","modified_gmt":"2025-02-24T22:15:20","slug":"samourezujuca-spojka-8-3","status":"publish","type":"product","link":"https:\/\/topmatic.biz\/sr\/Proizvod\/samourezujuca-spojka-8-3\/","title":{"rendered":"Samourezuju\u0107a spojka 8"},"content":{"rendered":"","protected":false},"excerpt":{"rendered":"<p>TopMatic kod:<strong> 03.08.14.001<\/strong><\/p>\n<p>ITEM kompatibilan: <strong>Kompatibilan<\/strong><\/p>\n<p>Masa: <strong>0.038 kg<\/strong><\/p>\n<p>Set uklju\u010duje:<\/p>\n<ul style=\"display: block; margin-bottom: 15px;\">\n<li><strong>2x samourezuju\u0107a spojka 8<\/strong><\/li>\n<li><strong>1x DIN912 M8x60 D10<\/strong><\/li>\n<\/ul>\n<p>Ova spojka se koristi za \u010deono spajanje dva profila, omogu\u0107avaju\u0107i sigurno i stabilno povezivanje elemenata u konstrukciji. Dizajnirana je da obezbedi \u010dvrst spoj, smanjuju\u0107i rizik od pomeranja ili deformacija. Ova metoda spajanja se \u010desto koristi u industrijskim i gra\u0111evinskim primenama gde je potrebna visoka nosivost i preciznost spoja.<\/p>\n","protected":false},"featured_media":3999,"template":"","meta":{"_acf_changed":false},"product_cat":[184,190,165],"product_tag":[],"class_list":["post-4552","product","type-product","status-publish","has-post-thumbnail","hentry","product_cat-item-connectors-sr","product_cat-line-8-connectors-sr","product_cat-connectors-sr"],"acf":[],"_links":{"self":[{"href":"https:\/\/topmatic.biz\/sr\/wp-json\/wp\/v2\/product\/4552","targetHints":{"allow":["GET"]}}],"collection":[{"href":"https:\/\/topmatic.biz\/sr\/wp-json\/wp\/v2\/product"}],"about":[{"href":"https:\/\/topmatic.biz\/sr\/wp-json\/wp\/v2\/types\/product"}],"wp:featuredmedia":[{"embeddable":true,"href":"https:\/\/topmatic.biz\/sr\/wp-json\/wp\/v2\/media\/3999"}],"wp:attachment":[{"href":"https:\/\/topmatic.biz\/sr\/wp-json\/wp\/v2\/media?parent=4552"}],"wp:term":[{"taxonomy":"product_cat","embeddable":true,"href":"https:\/\/topmatic.biz\/sr\/wp-json\/wp\/v2\/product_cat?post=4552"},{"taxonomy":"product_tag","embeddable":true,"href":"https:\/\/topmatic.biz\/sr\/wp-json\/wp\/v2\/product_tag?post=4552"}],"curies":[{"name":"wp","href":"https:\/\/api.w.org\/{rel}","templated":true}]}}