{"id":3937,"date":"2024-03-16T09:07:01","date_gmt":"2024-03-16T09:07:01","guid":{"rendered":"https:\/\/topmatic.biz\/product\/vinkl-8-st-pocinkovan\/"},"modified":"2025-02-28T12:03:21","modified_gmt":"2025-02-28T12:03:21","slug":"vinkl-8-st-pocinkovan","status":"publish","type":"product","link":"https:\/\/topmatic.biz\/sr\/Proizvod\/vinkl-8-st-pocinkovan\/","title":{"rendered":"Vinkl 8 ST pocinkovan"},"content":{"rendered":"","protected":false},"excerpt":{"rendered":"<p>TopMatic kod: <strong>04.08.05.002<\/strong><\/p>\n<p>ITEM kompatibilan: <strong>Kompatibilan<\/strong><\/p>\n<p>Masa: <strong>0.105 kg<\/strong><\/p>\n<p>Vinkl 8 40 ST je univerzalni \u010deli\u010dni ugaoni nosa\u010d sa pocinkovanom zavr\u0161nom obradom, \u0161to mu pru\u017ea dodatnu za\u0161titu od korozije i habanja. Dizajniran je za \u0161irok spektar primena, uklju\u010duju\u0107i industrijske i gra\u0111evinske konstrukcije gde su potrebni visoka \u010dvrsto\u0107a, izdr\u017eljivost i otpornost na spoljne uticaje. <\/p>\n","protected":false},"featured_media":3936,"template":"","meta":{"_acf_changed":false},"product_cat":[162,138],"product_tag":[],"class_list":["post-3937","product","type-product","status-publish","has-post-thumbnail","hentry","product_cat-line-8-angles-sr","product_cat-angles-sr"],"acf":[],"_links":{"self":[{"href":"https:\/\/topmatic.biz\/sr\/wp-json\/wp\/v2\/product\/3937","targetHints":{"allow":["GET"]}}],"collection":[{"href":"https:\/\/topmatic.biz\/sr\/wp-json\/wp\/v2\/product"}],"about":[{"href":"https:\/\/topmatic.biz\/sr\/wp-json\/wp\/v2\/types\/product"}],"wp:featuredmedia":[{"embeddable":true,"href":"https:\/\/topmatic.biz\/sr\/wp-json\/wp\/v2\/media\/3936"}],"wp:attachment":[{"href":"https:\/\/topmatic.biz\/sr\/wp-json\/wp\/v2\/media?parent=3937"}],"wp:term":[{"taxonomy":"product_cat","embeddable":true,"href":"https:\/\/topmatic.biz\/sr\/wp-json\/wp\/v2\/product_cat?post=3937"},{"taxonomy":"product_tag","embeddable":true,"href":"https:\/\/topmatic.biz\/sr\/wp-json\/wp\/v2\/product_tag?post=3937"}],"curies":[{"name":"wp","href":"https:\/\/api.w.org\/{rel}","templated":true}]}}