{"id":3712,"date":"2024-02-16T08:21:37","date_gmt":"2024-02-16T08:21:37","guid":{"rendered":"https:\/\/topmatic.biz\/product\/klizna-matica-8-2m6x76\/"},"modified":"2025-02-25T15:09:36","modified_gmt":"2025-02-25T15:09:36","slug":"klizna-matica-8-2m6x76","status":"publish","type":"product","link":"https:\/\/topmatic.biz\/sr\/Proizvod\/klizna-matica-8-2m6x76\/","title":{"rendered":"Klizna matica 8 2M6x76"},"content":{"rendered":"","protected":false},"excerpt":{"rendered":"<p>TopMatic kod: <strong>08.08.12.080<\/strong><\/p>\n<p>ITEM kompatibilan: <strong>Kompatibilan<\/strong><\/p>\n<p data-start=\"411\" data-end=\"735\">Ova komponenta se koristi kao deo kompleta &#8220;Automatic connector 8 80&#8221; ili se mo\u017ee koristiti pojedina\u010dno. Njena svestrana primena omogu\u0107ava fleksibilnost u razli\u010ditim instalacijama, bilo da se radi o celovitim sistemima ili samostalnim re\u0161enjima, zadovoljavaju\u0107i specifi\u010dne zahteve konstrukcija i ma\u0161inskih instalacija.<\/p>\n<h3 data-start=\"737\" data-end=\"786\"><\/h3>\n","protected":false},"featured_media":3619,"template":"","meta":{"_acf_changed":false},"product_cat":[184,190,165],"product_tag":[],"class_list":["post-3712","product","type-product","status-publish","has-post-thumbnail","hentry","product_cat-item-connectors-sr","product_cat-line-8-connectors-sr","product_cat-connectors-sr"],"acf":[],"_links":{"self":[{"href":"https:\/\/topmatic.biz\/sr\/wp-json\/wp\/v2\/product\/3712","targetHints":{"allow":["GET"]}}],"collection":[{"href":"https:\/\/topmatic.biz\/sr\/wp-json\/wp\/v2\/product"}],"about":[{"href":"https:\/\/topmatic.biz\/sr\/wp-json\/wp\/v2\/types\/product"}],"wp:featuredmedia":[{"embeddable":true,"href":"https:\/\/topmatic.biz\/sr\/wp-json\/wp\/v2\/media\/3619"}],"wp:attachment":[{"href":"https:\/\/topmatic.biz\/sr\/wp-json\/wp\/v2\/media?parent=3712"}],"wp:term":[{"taxonomy":"product_cat","embeddable":true,"href":"https:\/\/topmatic.biz\/sr\/wp-json\/wp\/v2\/product_cat?post=3712"},{"taxonomy":"product_tag","embeddable":true,"href":"https:\/\/topmatic.biz\/sr\/wp-json\/wp\/v2\/product_tag?post=3712"}],"curies":[{"name":"wp","href":"https:\/\/api.w.org\/{rel}","templated":true}]}}