{"id":3691,"date":"2024-02-16T09:17:14","date_gmt":"2024-02-16T09:17:14","guid":{"rendered":"https:\/\/topmatic.biz\/product\/zaokretajuca-matica-8-m6-2\/"},"modified":"2025-02-24T23:25:28","modified_gmt":"2025-02-24T23:25:28","slug":"zaokretajuca-matica-8-m6-2","status":"publish","type":"product","link":"https:\/\/topmatic.biz\/sr\/Proizvod\/zaokretajuca-matica-8-m6-2\/","title":{"rendered":"Zaokretaju\u0107a matica 8 M6"},"content":{"rendered":"","protected":false},"excerpt":{"rendered":"<p>TopMatic kod: <strong>08.08.31.001<\/strong><\/p>\n<p>ITEM kompatibilan: <strong>Kompatibilan<\/strong><\/p>\n<p>ITEM kod: <strong>0.0.626.06<\/strong><\/p>\n<p>BOSCH kompatibilan: <strong>Kompatibilan<\/strong><\/p>\n<p>Zaokretaju\u0107a matica za profile sa kanalom 8 i navojem M6 dizajnirana je za sigurno i efikasno pri\u010dvr\u0161\u0107ivanje u strukturalnim aplikacijama. Omogu\u0107ava naknadno umetanje u kanal zajedno sa zavrtnjem, \u0161to pojednostavljuje monta\u017eu i pode\u0161avanje bez potrebe za dodatnim alatom. Ova matica obezbe\u0111uje sna\u017ean i stabilan spoj, \u0161to je \u010dini idealnim re\u0161enjem za industrijske i gra\u0111evinske primene gde su pouzdanost i jednostavna instalacija od klju\u010dnog zna\u010daja.<\/p>\n","protected":false},"featured_media":3664,"template":"","meta":{"_acf_changed":false},"product_cat":[178,184,190,165],"product_tag":[],"class_list":["post-3691","product","type-product","status-publish","has-post-thumbnail","hentry","product_cat-bosch-connectors-sr","product_cat-item-connectors-sr","product_cat-line-8-connectors-sr","product_cat-connectors-sr"],"acf":[],"_links":{"self":[{"href":"https:\/\/topmatic.biz\/sr\/wp-json\/wp\/v2\/product\/3691","targetHints":{"allow":["GET"]}}],"collection":[{"href":"https:\/\/topmatic.biz\/sr\/wp-json\/wp\/v2\/product"}],"about":[{"href":"https:\/\/topmatic.biz\/sr\/wp-json\/wp\/v2\/types\/product"}],"wp:featuredmedia":[{"embeddable":true,"href":"https:\/\/topmatic.biz\/sr\/wp-json\/wp\/v2\/media\/3664"}],"wp:attachment":[{"href":"https:\/\/topmatic.biz\/sr\/wp-json\/wp\/v2\/media?parent=3691"}],"wp:term":[{"taxonomy":"product_cat","embeddable":true,"href":"https:\/\/topmatic.biz\/sr\/wp-json\/wp\/v2\/product_cat?post=3691"},{"taxonomy":"product_tag","embeddable":true,"href":"https:\/\/topmatic.biz\/sr\/wp-json\/wp\/v2\/product_tag?post=3691"}],"curies":[{"name":"wp","href":"https:\/\/api.w.org\/{rel}","templated":true}]}}