{"id":3189,"date":"2024-01-18T12:02:05","date_gmt":"2024-01-18T12:02:05","guid":{"rendered":"https:\/\/topmatic.biz\/product\/vinkl-celicni-40-2\/"},"modified":"2025-02-28T11:59:47","modified_gmt":"2025-02-28T11:59:47","slug":"vinkl-celicni-40-2","status":"publish","type":"product","link":"https:\/\/topmatic.biz\/sr\/Proizvod\/vinkl-celicni-40-2\/","title":{"rendered":"Vinkl 8 40 ST crni"},"content":{"rendered":"","protected":false},"excerpt":{"rendered":"<p>TopMatic kod: <strong>04.08.05.001<\/strong><\/p>\n<p>ITEM kompatibilan: <strong>Kompatibilan<\/strong><\/p>\n<p>ITEM kod: <strong>0.0.665.53<\/strong><\/p>\n<p>Masa: <strong>0.105 kg<\/strong><\/p>\n<p>Vinkl 8 40 ST je univerzalni \u010deli\u010dni ugaoni nosa\u010d sa crnim plastificiranim premazom, koji pru\u017ea dodatnu za\u0161titu od habanja i korozije. Zahvaljuju\u0107i svojoj robusnoj konstrukciji, idealan je za \u0161irok spektar primena u industrijskim i gra\u0111evinskim konstrukcijama, gde su potrebni \u010dvrsto\u0107a, stabilnost i dugotrajna izdr\u017eljivost. <\/p>\n","protected":false},"featured_media":2768,"template":"","meta":{"_acf_changed":false},"product_cat":[162,138],"product_tag":[],"class_list":["post-3189","product","type-product","status-publish","has-post-thumbnail","hentry","product_cat-line-8-angles-sr","product_cat-angles-sr"],"acf":[],"_links":{"self":[{"href":"https:\/\/topmatic.biz\/sr\/wp-json\/wp\/v2\/product\/3189","targetHints":{"allow":["GET"]}}],"collection":[{"href":"https:\/\/topmatic.biz\/sr\/wp-json\/wp\/v2\/product"}],"about":[{"href":"https:\/\/topmatic.biz\/sr\/wp-json\/wp\/v2\/types\/product"}],"wp:featuredmedia":[{"embeddable":true,"href":"https:\/\/topmatic.biz\/sr\/wp-json\/wp\/v2\/media\/2768"}],"wp:attachment":[{"href":"https:\/\/topmatic.biz\/sr\/wp-json\/wp\/v2\/media?parent=3189"}],"wp:term":[{"taxonomy":"product_cat","embeddable":true,"href":"https:\/\/topmatic.biz\/sr\/wp-json\/wp\/v2\/product_cat?post=3189"},{"taxonomy":"product_tag","embeddable":true,"href":"https:\/\/topmatic.biz\/sr\/wp-json\/wp\/v2\/product_tag?post=3189"}],"curies":[{"name":"wp","href":"https:\/\/api.w.org\/{rel}","templated":true}]}}