{"id":3045,"date":"2024-01-18T08:22:24","date_gmt":"2024-01-18T08:22:24","guid":{"rendered":"https:\/\/topmatic.biz\/product\/plocica-za-montiranje-80x80-m12\/"},"modified":"2025-02-28T16:15:56","modified_gmt":"2025-02-28T16:15:56","slug":"plocica-za-montiranje-80x80-m12","status":"publish","type":"product","link":"https:\/\/topmatic.biz\/sr\/Proizvod\/plocica-za-montiranje-80x80-m12\/","title":{"rendered":"Konektor za monta\u017eu stope 80&#215;80 M12"},"content":{"rendered":"","protected":false},"excerpt":{"rendered":"<p>TopMatic kod: <strong>06.M12.8080.001<\/strong><\/p>\n<p>ITEM kompatibilan: <strong>Kompatibilan<\/strong><\/p>\n<p>ITEM kod: <strong>0.0.406.22<\/strong><\/p>\n<p>Masa: <strong>0.55kg<\/strong><\/p>\n<p>Dimenzije: <strong>80x80x16mm<\/strong><\/p>\n<p>Konektor za monta\u017eu stope 80&#215;80 M12 koristi se za sigurno povezivanje stopica sa profilom 8 80&#215;80. Ovaj spoj omogu\u0107ava stabilnu monta\u017eu i \u010dvrstu vezu, idealan je za primene u industrijskim i gra\u0111evinskim sistemima gde je potrebna preciznost i dugotrajnost. Jednostavan je za monta\u017eu i pru\u017ea visoku nosivost, \u010dine\u0107i ga odli\u010dnim izborom za konstrukcijske aplikacije koje zahtevaju pouzdane i \u010dvrste spojeve.   <\/p>\n","protected":false},"featured_media":3038,"template":"","meta":{"_acf_changed":false},"product_cat":[191],"product_tag":[],"class_list":["post-3045","product","type-product","status-publish","has-post-thumbnail","hentry","product_cat-floor-accessories-sr"],"acf":[],"_links":{"self":[{"href":"https:\/\/topmatic.biz\/sr\/wp-json\/wp\/v2\/product\/3045","targetHints":{"allow":["GET"]}}],"collection":[{"href":"https:\/\/topmatic.biz\/sr\/wp-json\/wp\/v2\/product"}],"about":[{"href":"https:\/\/topmatic.biz\/sr\/wp-json\/wp\/v2\/types\/product"}],"wp:featuredmedia":[{"embeddable":true,"href":"https:\/\/topmatic.biz\/sr\/wp-json\/wp\/v2\/media\/3038"}],"wp:attachment":[{"href":"https:\/\/topmatic.biz\/sr\/wp-json\/wp\/v2\/media?parent=3045"}],"wp:term":[{"taxonomy":"product_cat","embeddable":true,"href":"https:\/\/topmatic.biz\/sr\/wp-json\/wp\/v2\/product_cat?post=3045"},{"taxonomy":"product_tag","embeddable":true,"href":"https:\/\/topmatic.biz\/sr\/wp-json\/wp\/v2\/product_tag?post=3045"}],"curies":[{"name":"wp","href":"https:\/\/api.w.org\/{rel}","templated":true}]}}