{"id":2963,"date":"2024-01-18T07:07:24","date_gmt":"2024-01-18T07:07:24","guid":{"rendered":"https:\/\/topmatic.biz\/product\/stopica-podesavajuca-pa-40x60-m8\/"},"modified":"2025-02-28T17:39:59","modified_gmt":"2025-02-28T17:39:59","slug":"stopica-podesavajuca-pa-40x60-m8","status":"publish","type":"product","link":"https:\/\/topmatic.biz\/sr\/Proizvod\/stopica-podesavajuca-pa-40x60-m8\/","title":{"rendered":"Stopica za nivelisanje D40 M8x60 PA"},"content":{"rendered":"","protected":false},"excerpt":{"rendered":"<p>TopMatic kod: <strong>05.M8.4060.001<\/strong><\/p>\n<p>ITEM kompatibilan: <strong>Kompatibilan<\/strong><\/p>\n<p>ITEM kod: <strong>0.0.364.68<\/strong><\/p>\n<p>Masa: <strong>0.035kg<\/strong><\/p>\n<p>Dimenzije: <strong>\u03d540x60mm<\/strong><\/p>\n<p>Stopica za nivelisanje D40 M8x60 PA sa plasti\u010dnom osnovom dizajnirana je za manja i srednja optere\u0107enja, pru\u017eaju\u0107i stabilnu i sigurnu potporu. Mo\u017ee se montirati direktno u \u010delo profila ili pomo\u0107u konektora za monta\u017eu, omogu\u0107avaju\u0107i fleksibilnost u razli\u010ditim konstrukcijskim primenama. Idealna je za industrijske i gra\u0111evinske sisteme, gde su pouzdanost i prilagodljivost klju\u010dni faktori.<\/p>\n","protected":false},"featured_media":2964,"template":"","meta":{"_acf_changed":false},"product_cat":[191],"product_tag":[],"class_list":["post-2963","product","type-product","status-publish","has-post-thumbnail","hentry","product_cat-floor-accessories-sr"],"acf":[],"_links":{"self":[{"href":"https:\/\/topmatic.biz\/sr\/wp-json\/wp\/v2\/product\/2963","targetHints":{"allow":["GET"]}}],"collection":[{"href":"https:\/\/topmatic.biz\/sr\/wp-json\/wp\/v2\/product"}],"about":[{"href":"https:\/\/topmatic.biz\/sr\/wp-json\/wp\/v2\/types\/product"}],"wp:featuredmedia":[{"embeddable":true,"href":"https:\/\/topmatic.biz\/sr\/wp-json\/wp\/v2\/media\/2964"}],"wp:attachment":[{"href":"https:\/\/topmatic.biz\/sr\/wp-json\/wp\/v2\/media?parent=2963"}],"wp:term":[{"taxonomy":"product_cat","embeddable":true,"href":"https:\/\/topmatic.biz\/sr\/wp-json\/wp\/v2\/product_cat?post=2963"},{"taxonomy":"product_tag","embeddable":true,"href":"https:\/\/topmatic.biz\/sr\/wp-json\/wp\/v2\/product_tag?post=2963"}],"curies":[{"name":"wp","href":"https:\/\/api.w.org\/{rel}","templated":true}]}}