{"id":4523,"date":"2024-04-09T11:05:35","date_gmt":"2024-04-09T11:05:35","guid":{"rendered":"https:\/\/topmatic.biz\/?post_type=product&#038;p=4523"},"modified":"2025-02-25T17:34:48","modified_gmt":"2025-02-25T17:34:48","slug":"gewindestossverbindungsatz-8","status":"publish","type":"product","link":"https:\/\/topmatic.biz\/de\/produkt\/gewindestossverbindungsatz-8\/","title":{"rendered":"Gewinde-Sto\u00dfverbindugsatz 8"},"content":{"rendered":"","protected":false},"excerpt":{"rendered":"<p>TopMatic code:<strong> 03.08.14.001<\/strong><\/p>\n<p>ITEM kompatible: <strong>Kompatible<\/strong><\/p>\n<p>Masse: <strong>0.038 kg<\/strong><\/p>\n<p>Das Set beinhaltet:<\/p>\n<ul style=\"display: block; margin-bottom: 15px;\">\n<li><strong>2x Verbindungstechnik 8<\/strong><\/li>\n<li><strong>1x DIN912 M8x60 D10<\/strong><\/li>\n<\/ul>\n<p>Diese Verbindung wird f\u00fcr das stirnseitige Verbinden von zwei Profilen verwendet und sorgt f\u00fcr eine sichere und stabile Verbindung in strukturellen Anwendungen. Sie ist so konzipiert, dass sie eine starke Verbindung gew\u00e4hrleistet und das Risiko von Verschiebungen oder Verformungen minimiert. Diese Verbindungsmethode wird h\u00e4ufig in industriellen und baulichen Anwendungen eingesetzt, bei denen eine hohe Tragf\u00e4higkeit und Pr\u00e4zision erforderlich sind.<\/p>\n","protected":false},"featured_media":4001,"template":"","meta":{"_acf_changed":false},"product_cat":[183,189,164],"product_tag":[],"class_list":["post-4523","product","type-product","status-publish","has-post-thumbnail","hentry","product_cat-item-connectors-de","product_cat-line-8-connectors-de","product_cat-connectors-de"],"acf":[],"_links":{"self":[{"href":"https:\/\/topmatic.biz\/de\/wp-json\/wp\/v2\/product\/4523","targetHints":{"allow":["GET"]}}],"collection":[{"href":"https:\/\/topmatic.biz\/de\/wp-json\/wp\/v2\/product"}],"about":[{"href":"https:\/\/topmatic.biz\/de\/wp-json\/wp\/v2\/types\/product"}],"wp:featuredmedia":[{"embeddable":true,"href":"https:\/\/topmatic.biz\/de\/wp-json\/wp\/v2\/media\/4001"}],"wp:attachment":[{"href":"https:\/\/topmatic.biz\/de\/wp-json\/wp\/v2\/media?parent=4523"}],"wp:term":[{"taxonomy":"product_cat","embeddable":true,"href":"https:\/\/topmatic.biz\/de\/wp-json\/wp\/v2\/product_cat?post=4523"},{"taxonomy":"product_tag","embeddable":true,"href":"https:\/\/topmatic.biz\/de\/wp-json\/wp\/v2\/product_tag?post=4523"}],"curies":[{"name":"wp","href":"https:\/\/api.w.org\/{rel}","templated":true}]}}