{"id":4003,"date":"2024-04-09T11:05:35","date_gmt":"2024-04-09T11:05:35","guid":{"rendered":"https:\/\/topmatic.biz\/product\/t-matic-spojka-10-bosch-laki-profil\/"},"modified":"2025-02-25T16:26:18","modified_gmt":"2025-02-25T16:26:18","slug":"t-matic-spojka-10-bosch-laki-profil","status":"publish","type":"product","link":"https:\/\/topmatic.biz\/de\/produkt\/t-matic-spojka-10-bosch-laki-profil\/","title":{"rendered":"T-MATIC Sto\u00dfverbindungsatz 10 BOSCH leicht"},"content":{"rendered":"","protected":false},"excerpt":{"rendered":"<p>TopMatic code: <strong>03.10.VB3040<\/strong><\/p>\n<p>BOSCH kompatible:<strong><span class=\"sc-dcJsrY hKRion AT-ate-chip--compact ate-chip--marker ate-chip ate-chip--compact ate-chip--marker\" data-segment=\"gid_0\" data-type=\"g\"> Kompatible<\/span><\/strong><\/p>\n<p>Masse: <strong>0,038 kg<\/strong><\/p>\n<p>Das Set beinhaltet:<\/p>\n<ul style=\"display: block; margin-bottom: 15px;\">\n<li>2x Verbindungstechnik 10L<\/li>\n<li>1x DIN912 M8x60 D10<\/li>\n<\/ul>\n<p>Der T-MATIC Verbinder 10 f\u00fcr BOSCH Leichtprofile wird f\u00fcr das stirnseitige Verbinden von zwei Profilen verwendet und sorgt f\u00fcr eine starke und stabile Verbindung. Dieser Verbinder ist ideal f\u00fcr Anwendungen in Konstruktionen, bei denen hohe Pr\u00e4zision und Haltbarkeit erforderlich sind, und bietet eine einfache M\u00f6glichkeit des Verbindens ohne den Bedarf an zus\u00e4tzlichen Werkzeugen. Er ist f\u00fcr eine effiziente und sichere Anwendung in industriellen und baulichen Systemen konzipiert.<\/p>\n","protected":false},"featured_media":4001,"template":"","meta":[],"product_cat":[177,179,164],"product_tag":[],"class_list":["post-4003","product","type-product","status-publish","has-post-thumbnail","hentry","product_cat-bosch-connectors-de","product_cat-line-10-connectors-de","product_cat-connectors-de"],"acf":[],"_links":{"self":[{"href":"https:\/\/topmatic.biz\/de\/wp-json\/wp\/v2\/product\/4003","targetHints":{"allow":["GET"]}}],"collection":[{"href":"https:\/\/topmatic.biz\/de\/wp-json\/wp\/v2\/product"}],"about":[{"href":"https:\/\/topmatic.biz\/de\/wp-json\/wp\/v2\/types\/product"}],"wp:featuredmedia":[{"embeddable":true,"href":"https:\/\/topmatic.biz\/de\/wp-json\/wp\/v2\/media\/4001"}],"wp:attachment":[{"href":"https:\/\/topmatic.biz\/de\/wp-json\/wp\/v2\/media?parent=4003"}],"wp:term":[{"taxonomy":"product_cat","embeddable":true,"href":"https:\/\/topmatic.biz\/de\/wp-json\/wp\/v2\/product_cat?post=4003"},{"taxonomy":"product_tag","embeddable":true,"href":"https:\/\/topmatic.biz\/de\/wp-json\/wp\/v2\/product_tag?post=4003"}],"curies":[{"name":"wp","href":"https:\/\/api.w.org\/{rel}","templated":true}]}}