{"id":3711,"date":"2024-02-16T08:21:37","date_gmt":"2024-02-16T08:21:37","guid":{"rendered":"https:\/\/topmatic.biz\/product\/nutenstein-8-2m6x76\/"},"modified":"2025-02-25T15:08:43","modified_gmt":"2025-02-25T15:08:43","slug":"nutenstein-8-2m6x76","status":"publish","type":"product","link":"https:\/\/topmatic.biz\/de\/produkt\/nutenstein-8-2m6x76\/","title":{"rendered":"Nutenstein 8 2M6x76"},"content":{"rendered":"","protected":false},"excerpt":{"rendered":"<p>TopMatic code: <strong>08.08.12.080<\/strong><\/p>\n<p>ITEM kompatible: <strong>Kompatible<\/strong><\/p>\n<p data-start=\"411\" data-end=\"735\">Dieses Bauteil wird entweder im Set &#8220;Automatic connector 8 80&#8221; verwendet oder einzeln eingesetzt. Dank seines vielseitigen Designs bietet es Flexibilit\u00e4t f\u00fcr verschiedene Installationen \u2013 sowohl als integraler Bestandteil eines vollst\u00e4ndigen Systems als auch als eigenst\u00e4ndige L\u00f6sung, die spezifische Anforderungen in strukturellen und mechanischen Anwendungen erf\u00fcllt.<\/p>\n<h3 data-start=\"737\" data-end=\"786\"><\/h3>\n","protected":false},"featured_media":3618,"template":"","meta":{"_acf_changed":false},"product_cat":[183,189,164],"product_tag":[],"class_list":["post-3711","product","type-product","status-publish","has-post-thumbnail","hentry","product_cat-item-connectors-de","product_cat-line-8-connectors-de","product_cat-connectors-de"],"acf":[],"_links":{"self":[{"href":"https:\/\/topmatic.biz\/de\/wp-json\/wp\/v2\/product\/3711","targetHints":{"allow":["GET"]}}],"collection":[{"href":"https:\/\/topmatic.biz\/de\/wp-json\/wp\/v2\/product"}],"about":[{"href":"https:\/\/topmatic.biz\/de\/wp-json\/wp\/v2\/types\/product"}],"wp:featuredmedia":[{"embeddable":true,"href":"https:\/\/topmatic.biz\/de\/wp-json\/wp\/v2\/media\/3618"}],"wp:attachment":[{"href":"https:\/\/topmatic.biz\/de\/wp-json\/wp\/v2\/media?parent=3711"}],"wp:term":[{"taxonomy":"product_cat","embeddable":true,"href":"https:\/\/topmatic.biz\/de\/wp-json\/wp\/v2\/product_cat?post=3711"},{"taxonomy":"product_tag","embeddable":true,"href":"https:\/\/topmatic.biz\/de\/wp-json\/wp\/v2\/product_tag?post=3711"}],"curies":[{"name":"wp","href":"https:\/\/api.w.org\/{rel}","templated":true}]}}