{"id":3695,"date":"2024-02-16T09:07:34","date_gmt":"2024-02-16T09:07:34","guid":{"rendered":"https:\/\/topmatic.biz\/product\/nutenstein-10-m8-mit-federblech\/"},"modified":"2025-02-24T23:36:11","modified_gmt":"2025-02-24T23:36:11","slug":"nutenstein-10-m8-mit-federblech","status":"publish","type":"product","link":"https:\/\/topmatic.biz\/de\/produkt\/nutenstein-10-m8-mit-federblech\/","title":{"rendered":"Nutenstein 10 M8 mit Federblech"},"content":{"rendered":"","protected":false},"excerpt":{"rendered":"<p>TopMatic code: <strong>08.10.04.001<\/strong><\/p>\n<p>BOSCH kompatible: <strong>Kompatible<\/strong><\/p>\n<p>Die Gleitmutter f\u00fcr Profile mit einer Kanalgr\u00f6\u00dfe von 10 und einem M8-Gewinde wurde f\u00fcr eine sichere und stabile Befestigung in verschiedenen strukturellen Anwendungen entwickelt. Sie kann nachtr\u00e4glich in die Nut eingesetzt werden, wodurch die Montage und Anpassung erleichtert werden, ohne die Konstruktion zerlegen zu m\u00fcssen. Die integrierte Feder verhindert unerw\u00fcnschtes Verrutschen und sorgt f\u00fcr eine pr\u00e4zise Positionierung sowie zus\u00e4tzliche Stabilit\u00e4t der Verbindung. Diese Mutter ist eine ideale L\u00f6sung f\u00fcr industrielle und bauliche Anwendungen, bei denen Zuverl\u00e4ssigkeit, einfache Installation und Flexibilit\u00e4t von entscheidender Bedeutung sind.   <\/p>\n","protected":false},"featured_media":3655,"template":"","meta":[],"product_cat":[177,179,164],"product_tag":[],"class_list":["post-3695","product","type-product","status-publish","has-post-thumbnail","hentry","product_cat-bosch-connectors-de","product_cat-line-10-connectors-de","product_cat-connectors-de"],"acf":[],"_links":{"self":[{"href":"https:\/\/topmatic.biz\/de\/wp-json\/wp\/v2\/product\/3695","targetHints":{"allow":["GET"]}}],"collection":[{"href":"https:\/\/topmatic.biz\/de\/wp-json\/wp\/v2\/product"}],"about":[{"href":"https:\/\/topmatic.biz\/de\/wp-json\/wp\/v2\/types\/product"}],"wp:featuredmedia":[{"embeddable":true,"href":"https:\/\/topmatic.biz\/de\/wp-json\/wp\/v2\/media\/3655"}],"wp:attachment":[{"href":"https:\/\/topmatic.biz\/de\/wp-json\/wp\/v2\/media?parent=3695"}],"wp:term":[{"taxonomy":"product_cat","embeddable":true,"href":"https:\/\/topmatic.biz\/de\/wp-json\/wp\/v2\/product_cat?post=3695"},{"taxonomy":"product_tag","embeddable":true,"href":"https:\/\/topmatic.biz\/de\/wp-json\/wp\/v2\/product_tag?post=3695"}],"curies":[{"name":"wp","href":"https:\/\/api.w.org\/{rel}","templated":true}]}}