{"id":3688,"date":"2024-02-16T09:21:09","date_gmt":"2024-02-16T09:21:09","guid":{"rendered":"https:\/\/topmatic.biz\/product\/hammermutter-10-m6\/"},"modified":"2025-02-24T23:18:19","modified_gmt":"2025-02-24T23:18:19","slug":"hammermutter-10-m6","status":"publish","type":"product","link":"https:\/\/topmatic.biz\/de\/produkt\/hammermutter-10-m6\/","title":{"rendered":"Hammermutter nutenstein 10 M6"},"content":{"rendered":"","protected":false},"excerpt":{"rendered":"<p>TopMatic code: <strong>08.10.05.001<\/strong><\/p>\n<p>BOSCH kompatible: <strong>Kompatible<\/strong><\/p>\n<p>Die Hammermutter Nutenstein f\u00fcr Profile mit einer Kanalgr\u00f6\u00dfe von 10 und einem M6-Gewinde wurde f\u00fcr eine sichere und effiziente Befestigung in strukturellen Anwendungen entwickelt. Sie erm\u00f6glicht das nachtr\u00e4gliche Einsetzen in die Nut zusammen mit der Schraube, was die Montage und Justierung ohne zus\u00e4tzliches Werkzeug vereinfacht. Diese Mutter bietet eine starke und stabile Verbindung und ist daher eine ideale L\u00f6sung f\u00fcr industrielle und bauliche Anwendungen, bei denen Zuverl\u00e4ssigkeit und einfache Installation entscheidend sind.<\/p>\n","protected":false},"featured_media":3668,"template":"","meta":[],"product_cat":[177,179,164],"product_tag":[],"class_list":["post-3688","product","type-product","status-publish","has-post-thumbnail","hentry","product_cat-bosch-connectors-de","product_cat-line-10-connectors-de","product_cat-connectors-de"],"acf":[],"_links":{"self":[{"href":"https:\/\/topmatic.biz\/de\/wp-json\/wp\/v2\/product\/3688","targetHints":{"allow":["GET"]}}],"collection":[{"href":"https:\/\/topmatic.biz\/de\/wp-json\/wp\/v2\/product"}],"about":[{"href":"https:\/\/topmatic.biz\/de\/wp-json\/wp\/v2\/types\/product"}],"wp:featuredmedia":[{"embeddable":true,"href":"https:\/\/topmatic.biz\/de\/wp-json\/wp\/v2\/media\/3668"}],"wp:attachment":[{"href":"https:\/\/topmatic.biz\/de\/wp-json\/wp\/v2\/media?parent=3688"}],"wp:term":[{"taxonomy":"product_cat","embeddable":true,"href":"https:\/\/topmatic.biz\/de\/wp-json\/wp\/v2\/product_cat?post=3688"},{"taxonomy":"product_tag","embeddable":true,"href":"https:\/\/topmatic.biz\/de\/wp-json\/wp\/v2\/product_tag?post=3688"}],"curies":[{"name":"wp","href":"https:\/\/api.w.org\/{rel}","templated":true}]}}